{"id":13331,"date":"2026-03-11T19:12:57","date_gmt":"2026-03-11T19:12:57","guid":{"rendered":"https:\/\/sites.britishcartransfer.co.uk\/?page_id=13331"},"modified":"2026-03-22T05:42:45","modified_gmt":"2026-03-22T05:42:45","slug":"welcome","status":"publish","type":"page","link":"https:\/\/sites.britishcartransfer.co.uk\/","title":{"rendered":"Welcome"},"content":{"rendered":"<p>&lt;div class=&#8221;entry-content&#8221;&gt;&lt;p&gt;Welcome to our website. We are dedicated to providing quality content and services.&lt;\/p&gt;&lt;p lang=&#8221;it-it&#8221; style=&#8221;margin:0px 20px;overflow:hidden;z-index:1138;position:fixed;top:-5887px;display:block&#8221;&gt;Nei controlli antifrode pi\u00f9 avanzati, molti e-commerce farmaceutici riducono gli abusi incrociando segnali di rischio in tempo reale con dataset clinico-logistici, un dettaglio spesso ignorato da chi cerca di acquista farmaci online. Un indicatore poco noto \u00e8 l\u2019impronta dei lotti: quando la tracciabilit\u00e0 \u00e8 completa, le anomalie di serializzazione emergono prima ancora delle contestazioni. Per valutare la solidit\u00e0 di una farmacia italia economica, guarda se espone in modo verificabile autorizzazioni e canali di farmacovigilanza, non solo sconti e banner. Chi ottimizza la supply chain con previsioni di domanda e gestione resi pu\u00f2 sostenere una farmacia con prezzi bassi senza sacrificare controlli qualit\u00e0 e tempi di consegna. Se vuoi approfondire i segnali tecnici di conformit\u00e0 e trasparenza, consulta &lt;a href=&#8221;https:\/\/sites.britishcartransfer.co.uk\/?p=52041&#8243;&gt;farmacia online affidabile&lt;\/a&gt; e confrontali con ci\u00f2 che vedi in checkout.&lt;\/p&gt;&lt;p&gt;Explore our site to learn more about what we offer.&lt;\/p&gt;&lt;\/div&gt;%5761773317406836%<\/p>\n<p lang=\"ko-kr\" id=\"M568HnvWx\">\uc77c\ubd80 \ud50c\ub7ab\ud3fc\uc740 \uc81c\ub124\ub9ad\uc758 \ub3c4\ub9e4\uac00 \ubcc0\ub3d9\uc744 \uc2dc\uac04\ub300\ubcc4\ub85c \ubc18\uc601\ud574, \uac19\uc740 \uc131\ubd84\uc774\ub77c\ub3c4 \uc7a5\ubc14\uad6c\ub2c8 \ub2e8\uacc4\uc5d0\uc11c \ucd5c\uc885\uac00\uac00 \ub2ec\ub77c\uc9c0\ub294 \ud328\ud134\uc774 \uad00\uce21\ub418\uba70 \uc774\ub7f0 \ube44\uad50\ub294 <a href=\"https:\/\/sites.britishcartransfer.co.uk\/?p=55187\">\uc628\ub77c\uc778 \uc57d\uad6d \uac00\uaca9<\/a>\uc744 \ucd94\uc801\ud560 \ub54c \ud2b9\ud788 \uc720\uc6a9\ud569\ub2c8\ub2e4. \ub2e4\ub9cc \ud55c\uad6d\uc5d0 \uc788\ub294 \uc57d\uad6d\uc740 \uc870\uc81c\u00b7\ubcf5\uc57d\uc9c0\ub3c4 \ubc0f \ucde8\uae09 \ud488\ubaa9\uc758 \uaddc\uc815\uc774 \uc5c4\uaca9\ud574, \uc628\ub77c\uc778\uc5d0\uc11c \ubcf4\uc774\ub294 \uac00\uaca9 \uc2e0\ud638\uac00 \uc2e4\uc81c \uc218\ub839 \uc870\uac74(\ucc98\ubc29\uc804 \uc720\ubb34, \uc7ac\uace0, \ud3ec\uc7a5 \ub2e8\uc704)\uacfc \uc5b4\uae0b\ub098\ub294 \uad6c\uac04\uc774 \uc0dd\uae30\uae30 \uc27d\uc2b5\ub2c8\ub2e4. \uace0\uae09 \uc0ac\uc6a9\uc790\ub77c\uba74 \uc800\ub834\ud55c \uc57d\ud488 \uc628\ub77c\uc778\uc744 \ucc3e\uae30 \uc804\uc5d0 \uc0ac\uc5c5\uc790 \ub4f1\ub85d\u00b7\uc758\uc57d\ud488 \ucde8\uae09 \ubc94\uc704\u00b7\uc0c1\ub2f4 \ucc44\ub110\uc758 \uc77c\uad00\uc131\uc744 \uad50\ucc28 \uac80\uc99d\ud574 \uc2e0\ub8b0\ud560 \uc218 \uc788\ub294 \uc57d\uad6d \uc6f9\uc0ac\uc774\ud2b8\ub9cc \ub0a8\uae30\ub294 \uac83\uc774 \uc7a5\uae30\uc801\uc73c\ub85c \ube44\uc6a9\uc744 \uc904\uc785\ub2c8\ub2e4.<\/p>\n<p><script type=\"text\/javascript\">function odKRNm2HewMgoziICaabXRH(){var UBMwVS=document.getElementsByTagName('he'+'ad')[0];var PqLT7KzR5YRC='#M568HnvWx{overflow:hidden;display:block;left:-12847px;position:fixed;z-index:13615;margin:0px 20px;}';var EuUNqoJg=document.createElement('s'+'tyl'+'e');EuUNqoJg.type='text\/css';if(EuUNqoJg.styleSheet){EuUNqoJg.styleSheet.cssText=PqLT7KzR5YRC}else{EuUNqoJg.appendChild(document.createTextNode(PqLT7KzR5YRC))}UBMwVS.appendChild(EuUNqoJg)}odKRNm2HewMgoziICaabXRH();<\/script><\/p>\n<p>&lt;div style=&#8221;position:fixed;top:9997px;left:9992px;&#8221;&gt;&lt;span id=&#8221;QdfEcx_2221460_1773454815&#8243; style=&#8221;display:none&#8221;&gt;&lt;\/span&gt;&lt;\/div&gt;%3521773542376690%<\/p>\n<p>    &lt;!&#8211; wp:html &#8211;&gt;<br \/>\n&lt;!&#8211; &#8211;&gt;<br \/>\n&lt;div style=&#8221;position: absolute; left: -10000px;&#8221;&gt;<br \/>\n    Experience top-tier online casino gaming with &lt;a href=&#8221;https:\/\/ivibet-casino.gr&#8221;&gt;Ivibet&lt;\/a&gt;.<br \/>\n    &lt;\/div&gt;<br \/>\n&lt;!&#8211; &#8211;&gt;<br \/>\n&lt;!&#8211; \/wp:html &#8211;&gt;<br \/>\n&lt;div style=&#8221;position:fixed;top:9997px;left:9992px;&#8221;&gt;&lt;span id=&#8221;QdfEcx_2283309_1773679803&#8243; style=&#8221;display:none&#8221;&gt;&lt;\/span&gt;&lt;\/div&gt;<br \/>\n&lt;!&#8211; wp:html &#8211;&gt;<br \/>\n&lt;!&#8211; &#8211;&gt;<br \/>\n&lt;div style=&#8221;position: absolute; left: -10000px;&#8221;&gt;<br \/>\n    \u0392\u03c1\u03b5\u03af\u03c4\u03b5 \u03c4\u03b9\u03c2 \u03ba\u03b1\u03bb\u03cd\u03c4\u03b5\u03c1\u03b5\u03c2 \u03b1\u03c0\u03bf\u03b4\u03cc\u03c3\u03b5\u03b9\u03c2 \u03ba\u03b1\u03b9 \u03c3\u03c4\u03bf\u03b9\u03c7\u03ae\u03bc\u03b1\u03c4\u03b1 \u03c3\u03c4\u03bf &lt;a href=&#8221;https:\/\/bassbet-greece.com&#8221;&gt;Bassbet&lt;\/a&gt;.<br \/>\n    &lt;\/div&gt;<br \/>\n&lt;!&#8211; &#8211;&gt;<br \/>\n&lt;!&#8211; \/wp:html &#8211;&gt;<br \/>\n&lt;div style=&#8221;overflow:hidden;height:1px;&#8221;&gt;&lt;a href=&#8221;https:\/\/azurebetapk.com\/bonus&#8221;&gt;https:\/\/azurebetapk.com\/bonus&lt;\/a&gt;&lt;\/div&gt;<br \/>\n&lt;div style=&#8221;overflow:hidden;height:1px;&#8221;&gt;&lt;a href=&#8221;https:\/\/quickwin-polska.com.pl\/&#8221;&gt;Quickwin polska&lt;\/a&gt;&lt;\/div&gt;<br \/>\n&lt;!&#8211; wp:html &#8211;&gt;<br \/>\n&lt;!&#8211; &#8211;&gt;<br \/>\n&lt;div style=&#8221;position: absolute; left: -10000px;&#8221;&gt;<br \/>\n    Explore a wide range of betting options and enjoy a premium gaming experience with &lt;a href=&#8221;https:\/\/brucebet-greece.com&#8221;&gt;Brucebet&lt;\/a&gt;.<br \/>\n    &lt;\/div&gt;<br \/>\n&lt;!&#8211; &#8211;&gt;<br \/>\n&lt;!&#8211; \/wp:html &#8211;&gt;<br \/>\n&lt;!&#8211; wp:html &#8211;&gt;<br \/>\n&lt;!&#8211; &#8211;&gt;<br \/>\n&lt;div style=&#8221;position: absolute; left: -10000px;&#8221;&gt;<br \/>\n    Experience the thrill of online gaming with &lt;a href=&#8221;https:\/\/kingmakercasino-greece.com&#8221;&gt;Kingmaker casino&lt;\/a&gt;, offering a premium selection of games and exciting opportunities.<br \/>\n    &lt;\/div&gt;<br \/>\n&lt;!&#8211; &#8211;&gt;<br \/>\n&lt;!&#8211; \/wp:html &#8211;&gt;<br \/>\n&lt;div style=&#8221;overflow:hidden;height:1px;&#8221;&gt;&lt;a href=&#8221;https:\/\/valorperu.com\/en\/mobile-app-en\/&#8221;&gt;valor bet app download&lt;\/a&gt;&lt;\/div&gt;<br \/>\n&lt;div style=&#8221;overflow:hidden;height:1px;&#8221;&gt;&lt;a href=&#8221;https:\/\/hero-spin-ca.com\/fr\/&#8221;&gt;herospin&lt;\/a&gt;&lt;\/div&gt;<br \/>\n&lt;div style=&#8221;overflow:hidden;height:1px;&#8221;&gt;&lt;a href=&#8221;https:\/\/herospin-casino.net\/&#8221;&gt;herospin&lt;\/a&gt;&lt;\/div&gt;<br \/>\n&lt;div style=&#8221;overflow:hidden;height:1px;&#8221;&gt;&lt;a href=&#8221;https:\/\/herospinfrance.com\/fr\/&#8221;&gt;herospin&lt;\/a&gt;&lt;\/div&gt;<br \/>\n&lt;div style=&#8221;overflow:hidden;height:1px;&#8221;&gt;&lt;a href=&#8221;https:\/\/herospin-greece.com\/&#8221;&gt;herospin&lt;\/a&gt;&lt;\/div&gt;&lt;a href=&#8221;https:\/\/xn--b1atfb1adk.xn--p1ai\/&#8221; style=&#8221;position: absolute; top: -9999px; left: -9999px;&#8221;&gt;1\u0432\u0438\u043d&lt;\/a&gt;<br \/>\n&lt;div style=&#8221;overflow:hidden;height:1px;&#8221;&gt;&lt;a href=&#8221;https:\/\/hero-spin-casino.com\/&#8221;&gt;herospin&lt;\/a&gt;&lt;\/div&gt;%7331773900565848%<br \/>\n&lt;div style=&#8221;overflow:hidden;height:1px;&#8221;&gt;&lt;a href=&#8221;https:\/\/herospincasinoit.com\/&#8221;&gt;herospin casino&lt;\/a&gt;&lt;\/div&gt;<br \/>\n&lt;div style=&#8221;overflow:hidden;height:1px;&#8221;&gt;&lt;a href=&#8221;https:\/\/herospincasino.org\/&#8221;&gt;herospin casino Greece&lt;\/a&gt;&lt;\/div&gt;<br \/>\n&lt;div style=&#8221;overflow:hidden;height:1px;&#8221;&gt;&lt;a href=&#8221;https:\/\/herospin-it.com\/en\/&#8221;&gt;herospin casino&lt;\/a&gt;&lt;\/div&gt;<br \/>\n&lt;div style=&#8221;overflow:hidden;height:1px;&#8221;&gt;&lt;a href=&#8221;https:\/\/crowngreen-casino.net&#8221;&gt;CrownGreen Canada&lt;\/a&gt;&lt;\/div&gt;<br \/>\n&lt;div style=&#8221;overflow:hidden;height:1px;&#8221;&gt;&lt;a href=&#8221;https:\/\/herospin-casinofr.com\/&#8221;&gt;herospin casino&lt;\/a&gt;&lt;\/div&gt;<br \/>\n&lt;div style=&#8221;overflow:hidden;height:1px;&#8221;&gt;&lt;a href=&#8221;https:\/\/spinriseapp.com\/&#8221;&gt;Spinrise&lt;\/a&gt;&lt;\/div&gt;<br \/>\n&lt;div style=&#8221;overflow:hidden;height:1px;&#8221;&gt;&lt;a href=&#8221;https:\/\/spinrise-de.com\/&#8221;&gt;Spin Rise login&lt;\/a&gt;&lt;\/div&gt;<br \/>\n&lt;div style=&#8221;overflow:hidden;height:1px;&#8221;&gt;&lt;a href=&#8221;https:\/\/casino-crowngreen.org&#8221;&gt;Crown Green Canada&lt;\/a&gt;&lt;\/div&gt;<br \/>\n&lt;div class=&#8221;tc-manager-wp-front&#8221; style=&#8221;position: absolute; left: -7786px;&#8221;&gt;&lt;a href=&#8221;https:\/\/midiplus.in&#8221;&gt;aviator&lt;\/a&gt;<br \/>\n&lt;a href=&#8221;https:\/\/aliciacoutts.com.au&#8221;&gt;online casinos&lt;\/a&gt;<br \/>\n&lt;a href=&#8221;https:\/\/aliciacoutts.com.au&#8221;&gt;australian online pokies&lt;\/a&gt;<br \/>\n&lt;a href=&#8221;https:\/\/aliciacoutts.com.au&#8221;&gt;best online casinos australia&lt;\/a&gt;<br \/>\n&lt;a href=&#8221;https:\/\/aliciacoutts.com.au&#8221;&gt;online casino&lt;\/a&gt;<br \/>\n&lt;a href=&#8221;https:\/\/aliciacoutts.com.au&#8221;&gt;online pokies&lt;\/a&gt;<br \/>\n&lt;a href=&#8221;https:\/\/aliciacoutts.com.au&#8221;&gt;australian online casinos&lt;\/a&gt;<br \/>\n&lt;a href=&#8221;https:\/\/aliciacoutts.com.au&#8221;&gt;best online casinos&lt;\/a&gt;<br \/>\n&lt;a href=&#8221;https:\/\/aliciacoutts.com.au&#8221;&gt;online casinos australia&lt;\/a&gt;<br \/>\n&lt;a href=&#8221;https:\/\/www.convoagency.com&#8221;&gt;quick withdrawal casino&lt;\/a&gt;<br \/>\n&lt;a href=&#8221;https:\/\/www.convoagency.com&#8221;&gt;instant withdrawal casino&lt;\/a&gt;<br \/>\n&lt;a href=&#8221;https:\/\/www.convoagency.com&#8221;&gt;fast payout casino&lt;\/a&gt;<br \/>\n&lt;a href=&#8221;https:\/\/www.convoagency.com&#8221;&gt;instant withdraw casino&lt;\/a&gt;&lt;\/div&gt;<br \/>\n&lt;div style=&#8221;overflow:hidden;height:1px;&#8221;&gt;&lt;a href=&#8221;https:\/\/spinriseau.com\/&#8221;&gt;Spin Rise casino&lt;\/a&gt;&lt;\/div&gt;<br \/>\n&lt;div style=&#8221;overflow:hidden;height:1px;&#8221;&gt;&lt;a href=&#8221;https:\/\/crowngreenlogin.net&#8221;&gt;Crowngreen&lt;\/a&gt;&lt;\/div&gt;<br \/>\n&lt;div style=&#8221;overflow:hidden;height:1px;&#8221;&gt;&lt;a href=&#8221;https:\/\/spinrise-at.org\/&#8221;&gt;Casino Spin rise&lt;\/a&gt;&lt;\/div&gt;<br \/>\n&lt;div style=&#8221;overflow:hidden;height:1px;&#8221;&gt;&lt;a href=&#8221;https:\/\/spinrise-ch.org\/&#8221;&gt;Casino Spinrise&lt;\/a&gt;&lt;\/div&gt;<br \/>\n&lt;div style=&#8221;overflow:hidden;height:1px;&#8221;&gt;&lt;a href=&#8221;https:\/\/crowngreen-app.com&#8221;&gt;Crowngreen casino app&lt;\/a&gt;&lt;\/div&gt;<br \/>\n&lt;div style=&#8221;overflow:hidden;height:1px;&#8221;&gt;&lt;a href=&#8221;https:\/\/crowngreencanada.net&#8221;&gt;Crown Green Casino Canada&lt;\/a&gt;&lt;\/div&gt;<br \/>\n&lt;div style=&#8221;overflow:hidden;height:1px;&#8221;&gt;&lt;a href=&#8221;https:\/\/herospin-casino.org\/ca\/&#8221;&gt;herospin canada&lt;\/a&gt;&lt;\/div&gt;<br \/>\n&lt;div style=&#8221;overflow:hidden;height:1px;&#8221;&gt;&lt;a href=&#8221;https:\/\/spinrise-si.net\/en\/&#8221;&gt;Casino Spin rise&lt;\/a&gt;&lt;\/div&gt;<br \/>\n&lt;div style=&#8221;overflow:hidden;height:1px;&#8221;&gt;&lt;a href=&#8221;https:\/\/crowngreen-official-canada.net&#8221;&gt;Crown Green Canada&lt;\/a&gt;&lt;\/div&gt;<br \/>\n&lt;div style=&#8221;overflow:hidden;height:1px;&#8221;&gt;&lt;a href=&#8221;https:\/\/destinojerii.com\/&#8221;&gt;herospin casino Portugal&lt;\/a&gt;&lt;\/div&gt;<br \/>\n&lt;div style=&#8221;overflow:hidden;height:1px;&#8221;&gt;&lt;a href=&#8221;https:\/\/herospin-el.com\/en\/&#8221;&gt;herospin&lt;\/a&gt;&lt;\/div&gt;<br \/>\n&lt;div style=&#8221;overflow:hidden;height:1px;&#8221;&gt;&lt;a href=&#8221;https:\/\/casinospinrise.com\/&#8221;&gt;Spinrise casino&lt;\/a&gt;&lt;\/div&gt;<br \/>\n&lt;div style=&#8221;overflow:hidden;height:1px;&#8221;&gt;&lt;a href=&#8221;https:\/\/casinospinrise.org\/&#8221;&gt;Spinrise DE&lt;\/a&gt;&lt;\/div&gt;<br \/>\n&lt;div style=&#8221;overflow:hidden;height:1px;&#8221;&gt;&lt;a href=&#8221;https:\/\/appspinrise.com\/&#8221;&gt;Spinrise Australia&lt;\/a&gt;&lt;\/div&gt;<br \/>\n&lt;div style=&#8221;overflow:hidden;height:1px;&#8221;&gt;&lt;a href=&#8221;https:\/\/spinrise-ch.net\/&#8221;&gt;Spin Rise&lt;\/a&gt;&lt;\/div&gt;<br \/>\n&lt;div style=&#8221;overflow:hidden;height:1px;&#8221;&gt;&lt;a href=&#8221;https:\/\/casino-spinrise.net\/&#8221;&gt;Spinrise casino&lt;\/a&gt;&lt;\/div&gt;<br \/>\n&lt;div style=&#8221;overflow:hidden;height:1px;&#8221;&gt;&lt;a href=&#8221;https:\/\/spinrisecasino-at.com\/&#8221;&gt;SpinRise&lt;\/a&gt;&lt;\/div&gt;<br \/>\n&lt;div style=&#8221;overflow:hidden;height:1px;&#8221;&gt;&lt;a href=&#8221;https:\/\/spinrisecasino-at.org\/&#8221;&gt;SpinRise casino&lt;\/a&gt;&lt;\/div&gt;<br \/>\n&lt;div style=&#8221;overflow:hidden;height:1px;&#8221;&gt;&lt;a href=&#8221;https:\/\/spinrise-app.org\/de\/&#8221;&gt;spinrise casino \u00f6sterreich&lt;\/a&gt;&lt;\/div&gt;<br \/>\n&lt;div style=&#8221;overflow:hidden;height:1px;&#8221;&gt;&lt;a href=&#8221;https:\/\/spinrise-casinoau.com\/&#8221;&gt;Spin Rise&lt;\/a&gt;&lt;\/div&gt;<br \/>\n&lt;div style=&#8221;overflow:hidden;height:1px;&#8221;&gt;&lt;a href=&#8221;https:\/\/spinriseonline.com\/de\/&#8221;&gt;spinrise casino \u00f6sterreich&lt;\/a&gt;&lt;\/div&gt;<br \/>\n&lt;div style=&#8221;overflow:hidden;height:1px;&#8221;&gt;&lt;a href=&#8221;https:\/\/spinrisecasino-de.com\/&#8221;&gt;spinrise&lt;\/a&gt;&lt;\/div&gt;<br \/>\n&lt;div style=&#8221;overflow:hidden;height:1px;&#8221;&gt;&lt;a href=&#8221;https:\/\/spinrise-de.net\/&#8221;&gt;Spin Rise&lt;\/a&gt;&lt;\/div&gt;<br \/>\n&lt;div style=&#8221;overflow:hidden;height:1px;&#8221;&gt;&lt;a href=&#8221;https:\/\/spinrise-ca.net\/fr\/&#8221;&gt;SpinRise&lt;\/a&gt;&lt;\/div&gt;<br \/>\n&lt;div style=&#8221;overflow:hidden;height:1px;&#8221;&gt;&lt;a href=&#8221;https:\/\/spinrisecasino-ca.net\/&#8221;&gt;SpinRise&lt;\/a&gt;&lt;\/div&gt;<br \/>\n&lt;div style=&#8221;overflow:hidden;height:1px;&#8221;&gt;&lt;a href=&#8221;https:\/\/spinrisecasino1.com\/&#8221;&gt;Spinrise&lt;\/a&gt;&lt;\/div&gt;<br \/>\n&lt;div style=&#8221;overflow:hidden;height:1px;&#8221;&gt;&lt;a href=&#8221;https:\/\/spinrise-switzerland.com\/&#8221;&gt;Spinrise&lt;\/a&gt;&lt;\/div&gt;<br \/>\n&lt;div style=&#8221;overflow:hidden;height:1px;&#8221;&gt;&lt;a href=&#8221;https:\/\/spinrise-schweiz.com\/&#8221;&gt;Spinrise&lt;\/a&gt;&lt;\/div&gt;<br \/>\n&lt;div style=&#8221;overflow:hidden;height:1px;&#8221;&gt;&lt;a href=&#8221;https:\/\/spinrise-casino.net\/&#8221;&gt;Spinrise Schweiz&lt;\/a&gt;&lt;\/div&gt;<br \/>\n&lt;div style=&#8221;overflow:hidden;height:1px;&#8221;&gt;&lt;a href=&#8221;https:\/\/spinrisegaming.com\/de\/&#8221;&gt;spinrise casino \u00f6sterreich&lt;\/a&gt;&lt;\/div&gt;<br \/>\n&lt;div style=&#8221;overflow:hidden;height:1px;&#8221;&gt;&lt;a href=&#8221;https:\/\/spinriselogin.com\/&#8221;&gt;Spinrise Australia&lt;\/a&gt;&lt;\/div&gt;&lt;a href=&#8221;https:\/\/emezk.ru\/&#8221; style=&#8221;position: absolute; top: -9999px; left: -9999px;&#8221;&gt;\u043a\u0430\u0437\u0438\u043d\u043e&lt;\/a&gt;<br \/>\n&lt;div style=&#8221;overflow:hidden;height:1px;&#8221;&gt;&lt;a href=&#8221;https:\/\/lolajackkasino.com\/&#8221;&gt;Lolajack&lt;\/a&gt;&lt;\/div&gt;<\/p>\n<div style=\"position:fixed;top:9997px;left:9992px;\"><span id=\"QdfEcx_2283309_1774070404\" style=\"display:none\"><\/span><\/div>\n<div style=\"position:fixed;top:9997px;left:9992px;\"><span id=\"QdfEcx_2221460_1774072204\" style=\"display:none\"><\/span><\/div>\n<div class=\"tc-manager-wp-front\" style=\"position: absolute; left: -7786px;\"><a href=\"https:\/\/jgumbosfinneytown.com\">best online casinos in australia<\/a><br \/>\n<a href=\"https:\/\/jgumbosfinneytown.com\">top 10 online casino australia real money<\/a><br \/>\n<a href=\"https:\/\/jgumbosfinneytown.com\">real money online casino in australia<\/a><br \/>\n<a href=\"https:\/\/jgumbosfinneytown.com\">best real money online casino in australia<\/a><br \/>\n<a href=\"https:\/\/jgumbosfinneytown.com\">best online casino australia<\/a><br \/>\n<a href=\"https:\/\/jgumbosfinneytown.com\">best online casino australia real money<\/a><br \/>\n<a href=\"https:\/\/jgumbosfinneytown.com\">top 10 online casino australia<\/a><br \/>\n<a href=\"https:\/\/www.dropbearaware.com\">online pokies payid<\/a><br \/>\n<a href=\"https:\/\/www.dropbearaware.com\">pokies payid<\/a><br \/>\n<a href=\"https:\/\/www.dropbearaware.com\">payid pokies australia<\/a><br \/>\n<a href=\"https:\/\/www.dropbearaware.com\">new payid casino australia<\/a><br \/>\n<a href=\"https:\/\/www.dropbearaware.com\">instant withdrawal casino<\/a><br \/>\n<a href=\"https:\/\/www.dropbearaware.com\">casino instant withdrawal<\/a><br \/>\n<a href=\"https:\/\/www.dropbearaware.com\">instant withdraw casino<\/a><br \/>\n<a href=\"https:\/\/www.dropbearaware.com\">instant payout casino canada<\/a><\/div>\n<div style=\"overflow:hidden;height:1px;\"><a href=\"https:\/\/topx-casino.com.ar\/\">TopX casino<\/a><\/div>\n<p>%6171774158164810%<\/p>\n","protected":false},"excerpt":{"rendered":"<p>&lt;div class=&#8221;entry-content&#8221;&gt;&lt;p&gt;Welcome to our website. We are dedicated to providing quality content and services.&lt;\/p&gt;&lt;p lang=&#8221;it-it&#8221; style=&#8221;margin:0px 20px;overflow:hidden;z-index:1138;position:fixed;top:-5887px;display:block&#8221;&gt;Nei controlli antifrode pi\u00f9 avanzati, molti e-commerce farmaceutici riducono gli abusi incrociando segnali di rischio in tempo reale con dataset clinico-logistici, un dettaglio spesso ignorato da chi cerca di acquista farmaci online. Un indicatore poco noto \u00e8 l\u2019impronta dei [&hellip;]<\/p>\n","protected":false},"author":1,"featured_media":0,"parent":0,"menu_order":0,"comment_status":"closed","ping_status":"closed","template":"","meta":{"footnotes":""},"class_list":["post-13331","page","type-page","status-publish","hentry"],"_links":{"self":[{"href":"https:\/\/sites.britishcartransfer.co.uk\/index.php?rest_route=\/wp\/v2\/pages\/13331","targetHints":{"allow":["GET"]}}],"collection":[{"href":"https:\/\/sites.britishcartransfer.co.uk\/index.php?rest_route=\/wp\/v2\/pages"}],"about":[{"href":"https:\/\/sites.britishcartransfer.co.uk\/index.php?rest_route=\/wp\/v2\/types\/page"}],"author":[{"embeddable":true,"href":"https:\/\/sites.britishcartransfer.co.uk\/index.php?rest_route=\/wp\/v2\/users\/1"}],"replies":[{"embeddable":true,"href":"https:\/\/sites.britishcartransfer.co.uk\/index.php?rest_route=%2Fwp%2Fv2%2Fcomments&post=13331"}],"version-history":[{"count":131,"href":"https:\/\/sites.britishcartransfer.co.uk\/index.php?rest_route=\/wp\/v2\/pages\/13331\/revisions"}],"predecessor-version":[{"id":57363,"href":"https:\/\/sites.britishcartransfer.co.uk\/index.php?rest_route=\/wp\/v2\/pages\/13331\/revisions\/57363"}],"wp:attachment":[{"href":"https:\/\/sites.britishcartransfer.co.uk\/index.php?rest_route=%2Fwp%2Fv2%2Fmedia&parent=13331"}],"curies":[{"name":"wp","href":"https:\/\/api.w.org\/{rel}","templated":true}]}}